{"id":1997,"date":"2014-11-27T11:10:56","date_gmt":"2014-11-27T10:10:56","guid":{"rendered":"http:\/\/rotgersenvaningen.nl\/?page_id=1997"},"modified":"2017-10-24T14:43:18","modified_gmt":"2017-10-24T13:43:18","slug":"unterhalt","status":"publish","type":"page","link":"https:\/\/rotgersenvaningen.nl\/de\/unterhalt\/","title":{"rendered":"Unterhalt"},"content":{"rendered":"<p><div class=\"fusion-fullwidth fullwidth-box fusion-builder-row-1 nonhundred-percent-fullwidth non-hundred-percent-height-scrolling\" style=\"--awb-border-radius-top-left:0px;--awb-border-radius-top-right:0px;--awb-border-radius-bottom-right:0px;--awb-border-radius-bottom-left:0px;--awb-flex-wrap:wrap;\" ><div class=\"fusion-builder-row fusion-row\"><div class=\"fusion-layout-column fusion_builder_column fusion-builder-column-0 fusion_builder_column_1_2 1_2 fusion-one-half fusion-column-first\" style=\"--awb-bg-size:cover;--awb-margin-bottom:0px;width:48%; margin-right: 4%;\"><div class=\"fusion-column-wrapper fusion-flex-column-wrapper-legacy\"><div class=\"fusion-text fusion-text-1\"><h2>Unterhalt<\/h2>\n<\/div><div class=\"fusion-clearfix\"><\/div><\/div><\/div><div class=\"fusion-layout-column fusion_builder_column fusion-builder-column-1 fusion_builder_column_1_2 1_2 fusion-one-half fusion-column-last\" style=\"--awb-bg-size:cover;--awb-margin-bottom:0px;width:48%;\"><div class=\"fusion-column-wrapper fusion-flex-column-wrapper-legacy\"><div class=\"fusion-clearfix\"><\/div><\/div><\/div><div class=\"fusion-layout-column fusion_builder_column fusion-builder-column-2 fusion_builder_column_1_2 1_2 fusion-one-half fusion-column-first\" style=\"--awb-bg-size:cover;--awb-margin-bottom:0px;width:48%; margin-right: 4%;\"><div class=\"fusion-column-wrapper fusion-flex-column-wrapper-legacy\"><div class=\"fusion-text fusion-text-2\"><p style=\"text-align: justify;\"><strong>Guter Unterhalt ist essentiell f\u00fcr jeden Garten.<\/strong><\/p>\n<p style=\"text-align: justify;\">Mit ausf\u00fchrlichen Fachkenntnissen und Liebe f\u00fcrs Detail pflegen wir Ihren Garten.<br \/>\nWenn Sie uns kontaktieren bez\u00fcglich des Unterhalts Ihres Gartens, kommen wir erst vorbei um Ihre W\u00fcnschen festzuhalten. Dann werden wir sagen, welche Arbeiten, unserer Meinung nach, durchgef\u00fchrt werden k\u00f6nnen. Dann werden wir einen m\u00fcndlichen oder schriftlichen Kostenvoranschlag f\u00fcr die Arbeiten erstellen.<\/p>\n<\/div><div class=\"fusion-testimonials classic awb-speech-bubble-show fusion-testimonials-1\" style=\"--awb-textcolor:#747474;--awb-backgroundcolor:#ededed;--awb-testimonial-border-style:solid;--awb-testimonial-border-color:var(--awb-color3);--awb-border-top-left-radius:0px;--awb-border-top-right-radius:0px;--awb-border-bottom-left-radius:0px;--awb-border-bottom-right-radius:0px;--testimonial-border-width-top:0px;--testimonial-border-width-right:0px;--testimonial-border-width-bottom:0px;--testimonial-border-width-left:0px;\" data-random=\"0\" data-speed=\"4000\"><div class=\"reviews\"><div class=\"review active-testimonial male\"><blockquote><div class=\"awb-quote\"><div class=\"awb-quote-content\">\n<p><strong>Wir bieten drei feste Unterhaltsm\u00f6glichkeiten: Vertragsarbeit, Regiebasis und Unterhalt von Fall zu Fall mit Kostenvoranschlag im Voraus.<\/strong><\/p>\n<\/div><\/div><span class=\"awb-triangle\"><\/span><\/blockquote><div class=\"author\"><span class=\"testimonial-thumbnail doe\"><\/span><span class=\"company-name\"><strong>Bj\u00f6rn R\u00f6tgers<\/strong><\/span><\/div><\/div><\/div><\/div><div class=\"fusion-clearfix\"><\/div><\/div><\/div><div class=\"fusion-layout-column fusion_builder_column fusion-builder-column-3 fusion_builder_column_1_2 1_2 fusion-one-half fusion-column-last\" style=\"--awb-bg-size:cover;--awb-margin-bottom:0px;width:48%;\"><div class=\"fusion-column-wrapper fusion-flex-column-wrapper-legacy\"><div class=\"fusion-image-element in-legacy-container\" style=\"--awb-caption-title-font-family:var(--h2_typography-font-family);--awb-caption-title-font-weight:var(--h2_typography-font-weight);--awb-caption-title-font-style:var(--h2_typography-font-style);--awb-caption-title-size:var(--h2_typography-font-size);--awb-caption-title-transform:var(--h2_typography-text-transform);--awb-caption-title-line-height:var(--h2_typography-line-height);--awb-caption-title-letter-spacing:var(--h2_typography-letter-spacing);\"><span class=\" fusion-imageframe imageframe-dropshadow imageframe-1 hover-type-zoomin\" style=\"-webkit-box-shadow: 3px 3px 7px rgba(0,0,0,0.3);box-shadow: 3px 3px 7px rgba(0,0,0,0.3);\"><a href=\"https:\/\/i0.wp.com\/rotgersenvaningen.nl\/wp-content\/uploads\/2013\/07\/Foto-Onderhoud.png\" class=\"fusion-lightbox\" data-rel=\"iLightbox[e0b0ed6a668088d0ca7]\" title=\"Foto-Onderhoud\"><img data-recalc-dims=\"1\" decoding=\"async\" width=\"1000\" height=\"563\" src=\"https:\/\/i0.wp.com\/rotgersenvaningen.nl\/wp-content\/uploads\/2013\/07\/Foto-Onderhoud.png?resize=1000%2C563\" alt class=\"img-responsive wp-image-2407\" srcset=\"https:\/\/i0.wp.com\/rotgersenvaningen.nl\/wp-content\/uploads\/2013\/07\/Foto-Onderhoud.png?resize=200%2C113&amp;ssl=1 200w, https:\/\/i0.wp.com\/rotgersenvaningen.nl\/wp-content\/uploads\/2013\/07\/Foto-Onderhoud.png?resize=300%2C169&amp;ssl=1 300w, https:\/\/i0.wp.com\/rotgersenvaningen.nl\/wp-content\/uploads\/2013\/07\/Foto-Onderhoud.png?resize=400%2C225&amp;ssl=1 400w, https:\/\/i0.wp.com\/rotgersenvaningen.nl\/wp-content\/uploads\/2013\/07\/Foto-Onderhoud.png?resize=600%2C338&amp;ssl=1 600w, https:\/\/i0.wp.com\/rotgersenvaningen.nl\/wp-content\/uploads\/2013\/07\/Foto-Onderhoud.png?resize=768%2C432&amp;ssl=1 768w, https:\/\/i0.wp.com\/rotgersenvaningen.nl\/wp-content\/uploads\/2013\/07\/Foto-Onderhoud.png?resize=800%2C450&amp;ssl=1 800w, https:\/\/i0.wp.com\/rotgersenvaningen.nl\/wp-content\/uploads\/2013\/07\/Foto-Onderhoud.png?fit=1000%2C563&amp;ssl=1 1000w\" sizes=\"(max-width: 800px) 100vw, 600px\" \/><\/a><\/span><\/div><div class=\"fusion-clearfix\"><\/div><\/div><\/div><\/div><\/div><div class=\"fusion-fullwidth fullwidth-box fusion-builder-row-2 nonhundred-percent-fullwidth non-hundred-percent-height-scrolling\" style=\"--awb-border-radius-top-left:0px;--awb-border-radius-top-right:0px;--awb-border-radius-bottom-right:0px;--awb-border-radius-bottom-left:0px;--awb-margin-top:20px;--awb-flex-wrap:wrap;\" ><div class=\"fusion-builder-row fusion-row\"><div class=\"fusion-layout-column fusion_builder_column fusion-builder-column-4 fusion_builder_column_1_3 1_3 fusion-one-third fusion-column-first\" style=\"--awb-bg-size:cover;width:33.333333333333%;width:calc(33.333333333333% - ( ( 4% + 4% ) * 0.33333333333333 ) );margin-right: 4%;\"><div class=\"fusion-column-wrapper fusion-flex-column-wrapper-legacy\"><div class=\"fusion-text fusion-text-3\"><p><strong>Vertragsarbeit<br \/>\n<\/strong><\/p>\n<p style=\"text-align: justify;\">Vertragsarbeit findet via einen Kostenvoranschlag, in dem deutlich festgelegt wurde was wir machen, wann und wie lange. Die Vertragsperiode betr\u00e4gt meistens ein Jahr oder l\u00e4nger. Der Unterhalt findet w\u00f6chentlich oder zweiw\u00f6chentlich statt. Der Kunde hat, abh\u00e4ngig von den vereinbarten Arbeiten, keine Arbeit mehr am Garten. Rechnungsstellung erfolgt per Quartal.<\/p>\n<\/div><div class=\"fusion-clearfix\"><\/div><\/div><\/div><div class=\"fusion-layout-column fusion_builder_column fusion-builder-column-5 fusion_builder_column_1_3 1_3 fusion-one-third\" style=\"--awb-bg-size:cover;width:33.333333333333%;width:calc(33.333333333333% - ( ( 4% + 4% ) * 0.33333333333333 ) );margin-right: 4%;\"><div class=\"fusion-column-wrapper fusion-flex-column-wrapper-legacy\"><div class=\"fusion-text fusion-text-4\"><p><strong>Regiebasis<br \/>\n<\/strong><\/p>\n<p style=\"text-align: justify;\">Bei der Regiebasis werden im Voraus Vereinbarungen getroffen, die Arbeit wird nach unserem eigenen Ermessen und unserer Zeiteinteilung durchgef\u00fchrt, selbstverst\u00e4ndlich an einem festen Tag. Dies kann einmalig sein f\u00fcr die gro\u00dfen Unterhaltsarbeiten oder Regelm\u00e4\u00dfiger Unterhalt mit l\u00e4ngerer Zeit zwischen den Arbeiten. Dies kann w\u00f6chentlich oder nur f\u00fcr die gr\u00f6\u00dferen Arbeiten. Zum Beispiel vertikutieren, d\u00fcngen, stutzen und winterfest machen.<\/p>\n<\/div><div class=\"fusion-clearfix\"><\/div><\/div><\/div><div class=\"fusion-layout-column fusion_builder_column fusion-builder-column-6 fusion_builder_column_1_3 1_3 fusion-one-third fusion-column-last\" style=\"--awb-bg-size:cover;width:33.333333333333%;width:calc(33.333333333333% - ( ( 4% + 4% ) * 0.33333333333333 ) );\"><div class=\"fusion-column-wrapper fusion-flex-column-wrapper-legacy\"><div class=\"fusion-text fusion-text-5\"><p style=\"text-align: justify;\"><strong>Gelegentliche Gartenarbeiten<br \/>\n<\/strong><\/p>\n<p style=\"text-align: justify;\">Beispiele dieser Arbeiten sind Hilfe im Garten, wenn Ihnen die Arbeit zu viel wird. Wir werden erst die Arbeiten mit Ihnen besprechen und dann eine feste Preisvereinbarung treffen. Danach k\u00f6nnen Sie Ihren Garten wieder selber pflegen. Selbstverst\u00e4ndlich sind wir immer f\u00fcr Sie da, wenn Sie wieder Hilfe ben\u00f6tigen.<\/p>\n<\/div><div class=\"fusion-clearfix\"><\/div><\/div><\/div><\/div><\/div><\/p>\n","protected":false},"excerpt":{"rendered":"","protected":false},"author":1,"featured_media":0,"parent":0,"menu_order":0,"comment_status":"closed","ping_status":"closed","template":"","meta":{"footnotes":""},"class_list":["post-1997","page","type-page","status-publish","hentry"],"aioseo_notices":[],"jetpack_sharing_enabled":true,"_links":{"self":[{"href":"https:\/\/rotgersenvaningen.nl\/de\/wp-json\/wp\/v2\/pages\/1997","targetHints":{"allow":["GET"]}}],"collection":[{"href":"https:\/\/rotgersenvaningen.nl\/de\/wp-json\/wp\/v2\/pages"}],"about":[{"href":"https:\/\/rotgersenvaningen.nl\/de\/wp-json\/wp\/v2\/types\/page"}],"author":[{"embeddable":true,"href":"https:\/\/rotgersenvaningen.nl\/de\/wp-json\/wp\/v2\/users\/1"}],"replies":[{"embeddable":true,"href":"https:\/\/rotgersenvaningen.nl\/de\/wp-json\/wp\/v2\/comments?post=1997"}],"version-history":[{"count":5,"href":"https:\/\/rotgersenvaningen.nl\/de\/wp-json\/wp\/v2\/pages\/1997\/revisions"}],"predecessor-version":[{"id":2552,"href":"https:\/\/rotgersenvaningen.nl\/de\/wp-json\/wp\/v2\/pages\/1997\/revisions\/2552"}],"wp:attachment":[{"href":"https:\/\/rotgersenvaningen.nl\/de\/wp-json\/wp\/v2\/media?parent=1997"}],"curies":[{"name":"wp","href":"https:\/\/api.w.org\/{rel}","templated":true}]}}