{"id":1995,"date":"2014-11-27T11:09:15","date_gmt":"2014-11-27T10:09:15","guid":{"rendered":"http:\/\/rotgersenvaningen.nl\/?page_id=1995"},"modified":"2022-06-10T15:29:51","modified_gmt":"2022-06-10T14:29:51","slug":"bau","status":"publish","type":"page","link":"https:\/\/rotgersenvaningen.nl\/de\/bau\/","title":{"rendered":"Bau"},"content":{"rendered":"<div class=\"fusion-fullwidth fullwidth-box fusion-builder-row-1 nonhundred-percent-fullwidth non-hundred-percent-height-scrolling\" style=\"--awb-border-radius-top-left:0px;--awb-border-radius-top-right:0px;--awb-border-radius-bottom-right:0px;--awb-border-radius-bottom-left:0px;--awb-flex-wrap:wrap;\" ><div class=\"fusion-builder-row fusion-row\"><div class=\"fusion-layout-column fusion_builder_column fusion-builder-column-0 fusion_builder_column_1_2 1_2 fusion-one-half fusion-column-first\" style=\"--awb-bg-size:cover;--awb-margin-bottom:0px;width:48%; margin-right: 4%;\"><div class=\"fusion-column-wrapper fusion-flex-column-wrapper-legacy\"><div class=\"fusion-text fusion-text-1\"><h3>Bau<\/h3>\n<\/div><div class=\"fusion-clearfix\"><\/div><\/div><\/div><div class=\"fusion-layout-column fusion_builder_column fusion-builder-column-1 fusion_builder_column_1_2 1_2 fusion-one-half fusion-column-last\" style=\"--awb-bg-size:cover;--awb-margin-bottom:0px;width:48%;\"><div class=\"fusion-column-wrapper fusion-flex-column-wrapper-legacy\"><div class=\"fusion-clearfix\"><\/div><\/div><\/div><div class=\"fusion-layout-column fusion_builder_column fusion-builder-column-2 fusion_builder_column_1_2 1_2 fusion-one-half fusion-column-first\" style=\"--awb-bg-size:cover;--awb-margin-bottom:0px;width:48%; margin-right: 4%;\"><div class=\"fusion-column-wrapper fusion-flex-column-wrapper-legacy\"><div class=\"fusion-text fusion-text-2\"><p style=\"text-align: justify;\"><strong>Einf\u00fchrungsgespr\u00e4ch<br \/>\n<\/strong>Zuerst halten Wir bei einem ersten Gespr\u00e4ch Ihre W\u00fcnsche fest und nehmen wir eventuell die Ma\u00dfe Ihres Gartens auf. Dann werden wir mittels einiger Skizzen unsere Ideen verdeutlichen. Nach der Wahl und Genehmigung einer Skizze, werden wir einen g\u00fcnstigen Kostenvoranschlag erstellen.<\/p>\n<p style=\"text-align: justify;\"><strong>Der Bau<br \/>\n<\/strong>Wenn das Design und der Kostenvoranschlag angenommen wurden, werden unsere Arbeiten, nach R\u00fccksprache mit Ihnen, geplant. In der Auftragsbest\u00e4tigung, die Sie von uns erhalten, steht wann wir mit den Arbeiten anfangen werden. Unser Unternehmen besch\u00e4ftigt sehr fachm\u00e4nnische Leute, die jederzeit alles geben werden um Ihren Garten zu einem Traumgarten zu machen. Schrittweise werden folgende Arbeiten von uns durchgef\u00fchrt:<\/p>\n<p>\u2022\u00a0\u00a0\u00a0 Elektroinstallation<br \/>\n\u2022\u00a0\u00a0\u00a0 Bodenarbeit, Sprinklersystem<br \/>\n\u2022\u00a0\u00a0\u00a0 Bepflastern<br \/>\n\u2022\u00a0\u00a0\u00a0 Teiche und Wasserpartien<br \/>\n\u2022\u00a0\u00a0\u00a0 Das Aufbauen von Z\u00e4unen, Pergolas und Gartenlauben.<br \/>\n\u2022\u00a0\u00a0\u00a0 D\u00fcngen<br \/>\n\u2022\u00a0\u00a0\u00a0 Rasen-Anbau<br \/>\n\u2022\u00a0\u00a0\u00a0 Bepflanzung<\/p>\n<h4 id=\"tw-target-text\" class=\"tw-data-text tw-text-large tw-ta\" dir=\"ltr\" data-placeholder=\"Vertaling\"><strong><span class=\"Y2IQFc\" lang=\"de\">Lieferung <\/span><\/strong><\/h4>\n<p class=\"tw-data-text tw-text-large tw-ta\" dir=\"ltr\" data-placeholder=\"Vertaling\"><span class=\"Y2IQFc\" lang=\"de\">Nachdem alle Arbeiten durchgef\u00fchrt, der Gehsteig gefegt und alles ordentlich fertig gestellt wurde, erfolgt die \u00dcbergabe Ihres Gartens.<br \/>\n<\/span><span class=\"Y2IQFc\" lang=\"de\">Bei der Lieferung Ihres Gartens werden alle Teile \u00fcberpr\u00fcft und Ratschl\u00e4ge zur Pflege Ihres Gartens gegeben. <\/span><\/p>\n<h4 class=\"tw-data-text tw-text-large tw-ta\" dir=\"ltr\" data-placeholder=\"Vertaling\"><strong><span class=\"Y2IQFc\" lang=\"de\">Qualit\u00e4tsgarantie <\/span><\/strong><\/h4>\n<p class=\"tw-data-text tw-text-large tw-ta\" dir=\"ltr\" data-placeholder=\"Vertaling\"><span class=\"Y2IQFc\" lang=\"de\">F\u00fcr die Pflanzen, die in Ihren Garten gestellt werden, gilt eine sogenannte Verlustgarantie von einem Jahr.<br \/>\nWenn in diesem Jahr einige Dinge nicht in Ordnung sind, k\u00f6nnen Sie sich an uns wenden.<br \/>\nIm \u00dcbrigen gelten f\u00fcr unsere Lieferungen die Allgemeinen Verbraucherbedingungen f\u00fcr G\u00e4rtner.<\/span><\/p>\n<\/div><div class=\"fusion-clearfix\"><\/div><\/div><\/div><div class=\"fusion-layout-column fusion_builder_column fusion-builder-column-3 fusion_builder_column_1_2 1_2 fusion-one-half fusion-column-last\" style=\"--awb-bg-size:cover;--awb-margin-bottom:0px;width:48%;\"><div class=\"fusion-column-wrapper fusion-flex-column-wrapper-legacy\"><div class=\"fusion-image-element in-legacy-container\" style=\"--awb-caption-title-font-family:var(--h2_typography-font-family);--awb-caption-title-font-weight:var(--h2_typography-font-weight);--awb-caption-title-font-style:var(--h2_typography-font-style);--awb-caption-title-size:var(--h2_typography-font-size);--awb-caption-title-transform:var(--h2_typography-text-transform);--awb-caption-title-line-height:var(--h2_typography-line-height);--awb-caption-title-letter-spacing:var(--h2_typography-letter-spacing);\"><span class=\" fusion-imageframe imageframe-dropshadow imageframe-1 hover-type-zoomin\" style=\"-webkit-box-shadow: 3px 3px 7px rgba(0,0,0,0.3);box-shadow: 3px 3px 7px rgba(0,0,0,0.3);\"><a href=\"https:\/\/i0.wp.com\/rotgersenvaningen.nl\/wp-content\/uploads\/2013\/07\/Foto-aanleg.png\" class=\"fusion-lightbox\" data-rel=\"iLightbox[cf1a8aea810449054fe]\" title=\"Foto-aanleg\"><img data-recalc-dims=\"1\" decoding=\"async\" width=\"1000\" height=\"967\" src=\"https:\/\/i0.wp.com\/rotgersenvaningen.nl\/wp-content\/uploads\/2013\/07\/Foto-aanleg.png?resize=1000%2C967\" alt class=\"img-responsive wp-image-2400\" srcset=\"https:\/\/i0.wp.com\/rotgersenvaningen.nl\/wp-content\/uploads\/2013\/07\/Foto-aanleg.png?resize=200%2C193&amp;ssl=1 200w, https:\/\/i0.wp.com\/rotgersenvaningen.nl\/wp-content\/uploads\/2013\/07\/Foto-aanleg.png?resize=300%2C290&amp;ssl=1 300w, https:\/\/i0.wp.com\/rotgersenvaningen.nl\/wp-content\/uploads\/2013\/07\/Foto-aanleg.png?resize=400%2C387&amp;ssl=1 400w, https:\/\/i0.wp.com\/rotgersenvaningen.nl\/wp-content\/uploads\/2013\/07\/Foto-aanleg.png?resize=600%2C580&amp;ssl=1 600w, https:\/\/i0.wp.com\/rotgersenvaningen.nl\/wp-content\/uploads\/2013\/07\/Foto-aanleg.png?resize=768%2C743&amp;ssl=1 768w, https:\/\/i0.wp.com\/rotgersenvaningen.nl\/wp-content\/uploads\/2013\/07\/Foto-aanleg.png?resize=800%2C774&amp;ssl=1 800w, https:\/\/i0.wp.com\/rotgersenvaningen.nl\/wp-content\/uploads\/2013\/07\/Foto-aanleg.png?fit=1000%2C967&amp;ssl=1 1000w\" sizes=\"(max-width: 800px) 100vw, 600px\" \/><\/a><\/span><\/div><div class=\"fusion-clearfix\"><\/div><\/div><\/div><\/div><\/div>\n","protected":false},"excerpt":{"rendered":"","protected":false},"author":1,"featured_media":0,"parent":0,"menu_order":0,"comment_status":"closed","ping_status":"closed","template":"","meta":{"footnotes":""},"class_list":["post-1995","page","type-page","status-publish","hentry"],"aioseo_notices":[],"jetpack_sharing_enabled":true,"_links":{"self":[{"href":"https:\/\/rotgersenvaningen.nl\/de\/wp-json\/wp\/v2\/pages\/1995","targetHints":{"allow":["GET"]}}],"collection":[{"href":"https:\/\/rotgersenvaningen.nl\/de\/wp-json\/wp\/v2\/pages"}],"about":[{"href":"https:\/\/rotgersenvaningen.nl\/de\/wp-json\/wp\/v2\/types\/page"}],"author":[{"embeddable":true,"href":"https:\/\/rotgersenvaningen.nl\/de\/wp-json\/wp\/v2\/users\/1"}],"replies":[{"embeddable":true,"href":"https:\/\/rotgersenvaningen.nl\/de\/wp-json\/wp\/v2\/comments?post=1995"}],"version-history":[{"count":6,"href":"https:\/\/rotgersenvaningen.nl\/de\/wp-json\/wp\/v2\/pages\/1995\/revisions"}],"predecessor-version":[{"id":3828,"href":"https:\/\/rotgersenvaningen.nl\/de\/wp-json\/wp\/v2\/pages\/1995\/revisions\/3828"}],"wp:attachment":[{"href":"https:\/\/rotgersenvaningen.nl\/de\/wp-json\/wp\/v2\/media?parent=1995"}],"curies":[{"name":"wp","href":"https:\/\/api.w.org\/{rel}","templated":true}]}}