{"id":1991,"date":"2014-11-27T11:04:09","date_gmt":"2014-11-27T10:04:09","guid":{"rendered":"http:\/\/rotgersenvaningen.nl\/?page_id=1991"},"modified":"2014-11-27T11:07:14","modified_gmt":"2014-11-27T10:07:14","slug":"uber-uns","status":"publish","type":"page","link":"https:\/\/rotgersenvaningen.nl\/de\/uber-uns\/","title":{"rendered":"\u00dcber uns"},"content":{"rendered":"<p>[ezcol_2third]<\/p>\n<p style=\"text-align: justify;\">In dieser Webseite versuchen wir Ihnen einen Eindruck unseres Betriebs sowie unserer Aktivit\u00e4ten zu vermitteln. Gartenbauunternehmen R\u00f6tgers &amp; van Ingen nimmt Ihnen die komplette Gartenpflege ab: vom Design bis zum definitiven Bau. Bei Bedarf k\u00f6nnen wir auch den kompletten Unterhalt Ihres Gartens \u00fcbernehmen. Unsere Arbeitsweise k\u00f6nnen Sie in den diversen Seiten dieser Webseite sehen.<\/p>\n<p style=\"text-align: justify;\">Ein gro\u00dfer Teil unserer Auftr\u00e4ge erhalten wir via Mund-auf-Mund Werbung. Dieser Trend versuchen wir fortzusetzen, indem wir jeden Kunden 100 % zufriedenstellen. Wir sind uns bewusst, dass jedes Projekt einzigartig ist und halten w\u00e4hrend des totalen Prozesses fortw\u00e4hrend R\u00fccksprache mit dem Kunden, damit wir die Erwartungen erf\u00fcllen.<\/p>\n<p>Von einem klassischen Garten bis hin zum modernen, unterhaltsfreundlichen Garten mit Veranda, Au\u00dfentheke, Baumh\u00fctte, Au\u00dfenk\u00fcche, Jacuzzi oder Sauna\u2026.nichts ist unm\u00f6glich! Der Garten ist die Verl\u00e4ngerung Ihrer Wohnung und sollte deshalb, unserer Meinung nach, mit genau so viel Liebe und Ambition eingerichtet werden.<\/p>\n<p>Unser Team begeisterter Mitarbeiter haben die Kenntnisse und Qualifikationen um den sch\u00f6nsten Garten f\u00fcr Sie zu erschaffen. Dies kann variieren von sehr gro\u00dfen bis hin zu bescheidene, kleine Projekte. Jeder Garten verdient Aufmerksamkeit! Schauen Sie sich deshalb einige unserer Projekte im Kapitel \u201eUnsere Projekte\u201c an. Vielleicht finden Sie so Inspiration f\u00fcr Ihren eigenen Garten.<\/p>\n<p>Wir haben unseren Firmensitz in der Mitte der Niederlande, arbeiten aber weit \u00fcber die Grenzen hinaus. Z\u00f6gern Sie also nicht und kontaktieren Sie uns heute noch!<\/p>\n<p>[\/ezcol_2third] [ezcol_1third_end]<a href=\"https:\/\/i0.wp.com\/rotgersenvaningen.nl\/wp-content\/uploads\/2013\/07\/Oosterse-tuin.png\"><img data-recalc-dims=\"1\" decoding=\"async\" class=\"alignright size-medium wp-image-233\" src=\"https:\/\/i0.wp.com\/rotgersenvaningen.nl\/wp-content\/uploads\/2013\/07\/Oosterse-tuin.png?resize=300%2C141\" alt=\"Oosterse tuin\" width=\"300\" height=\"141\" srcset=\"https:\/\/i0.wp.com\/rotgersenvaningen.nl\/wp-content\/uploads\/2013\/07\/Oosterse-tuin.png?resize=300%2C141&amp;ssl=1 300w, https:\/\/i0.wp.com\/rotgersenvaningen.nl\/wp-content\/uploads\/2013\/07\/Oosterse-tuin.png?fit=567%2C267&amp;ssl=1 567w\" sizes=\"(max-width: 300px) 100vw, 300px\" \/><\/a><\/p>\n<p><a href=\"https:\/\/i0.wp.com\/rotgersenvaningen.nl\/wp-content\/uploads\/2013\/07\/Japanse-tuin.png\"><img data-recalc-dims=\"1\" decoding=\"async\" class=\"alignright size-medium wp-image-236\" src=\"https:\/\/i0.wp.com\/rotgersenvaningen.nl\/wp-content\/uploads\/2013\/07\/Japanse-tuin.png?resize=300%2C141\" alt=\"Japanse-tuin\" width=\"300\" height=\"141\" srcset=\"https:\/\/i0.wp.com\/rotgersenvaningen.nl\/wp-content\/uploads\/2013\/07\/Japanse-tuin.png?resize=300%2C141&amp;ssl=1 300w, https:\/\/i0.wp.com\/rotgersenvaningen.nl\/wp-content\/uploads\/2013\/07\/Japanse-tuin.png?fit=567%2C267&amp;ssl=1 567w\" sizes=\"(max-width: 300px) 100vw, 300px\" \/><\/a>[\/ezcol_1third_end]<\/p>\n","protected":false},"excerpt":{"rendered":"<p>[ezcol_2third] In dieser Webseite versuchen wir Ihnen einen Eindruck unseres  [&#8230;]<\/p>\n","protected":false},"author":1,"featured_media":0,"parent":0,"menu_order":0,"comment_status":"closed","ping_status":"closed","template":"","meta":{"footnotes":""},"class_list":["post-1991","page","type-page","status-publish","hentry"],"aioseo_notices":[],"jetpack_sharing_enabled":true,"_links":{"self":[{"href":"https:\/\/rotgersenvaningen.nl\/de\/wp-json\/wp\/v2\/pages\/1991","targetHints":{"allow":["GET"]}}],"collection":[{"href":"https:\/\/rotgersenvaningen.nl\/de\/wp-json\/wp\/v2\/pages"}],"about":[{"href":"https:\/\/rotgersenvaningen.nl\/de\/wp-json\/wp\/v2\/types\/page"}],"author":[{"embeddable":true,"href":"https:\/\/rotgersenvaningen.nl\/de\/wp-json\/wp\/v2\/users\/1"}],"replies":[{"embeddable":true,"href":"https:\/\/rotgersenvaningen.nl\/de\/wp-json\/wp\/v2\/comments?post=1991"}],"version-history":[{"count":3,"href":"https:\/\/rotgersenvaningen.nl\/de\/wp-json\/wp\/v2\/pages\/1991\/revisions"}],"predecessor-version":[{"id":1994,"href":"https:\/\/rotgersenvaningen.nl\/de\/wp-json\/wp\/v2\/pages\/1991\/revisions\/1994"}],"wp:attachment":[{"href":"https:\/\/rotgersenvaningen.nl\/de\/wp-json\/wp\/v2\/media?parent=1991"}],"curies":[{"name":"wp","href":"https:\/\/api.w.org\/{rel}","templated":true}]}}