{"id":1986,"date":"2014-11-27T10:52:05","date_gmt":"2014-11-27T09:52:05","guid":{"rendered":"http:\/\/rotgersenvaningen.nl\/?page_id=1986"},"modified":"2018-02-09T15:34:32","modified_gmt":"2018-02-09T14:34:32","slug":"home-3","status":"publish","type":"page","link":"https:\/\/rotgersenvaningen.nl\/de\/","title":{"rendered":"Home"},"content":{"rendered":"<p><div class=\"fusion-fullwidth fullwidth-box fusion-builder-row-1 hundred-percent-fullwidth non-hundred-percent-height-scrolling\" style=\"--awb-border-radius-top-left:0px;--awb-border-radius-top-right:0px;--awb-border-radius-bottom-right:0px;--awb-border-radius-bottom-left:0px;--awb-padding-top:0px;--awb-padding-right:0px;--awb-padding-bottom:0px;--awb-padding-left:0px;--awb-margin-top:0px;--awb-flex-wrap:wrap;\" ><div class=\"fusion-builder-row fusion-row\"><div class=\"fusion-layout-column fusion_builder_column fusion-builder-column-0 fusion_builder_column_1_1 1_1 fusion-one-full fusion-column-first fusion-column-last\" style=\"--awb-padding-top:0px;--awb-bg-size:cover;\"><div class=\"fusion-column-wrapper fusion-flex-column-wrapper-legacy\"><div class=\"fusion-sep-clear\"><\/div><div class=\"fusion-separator fusion-full-width-sep\" style=\"margin-left: auto;margin-right: auto;margin-top:-5px;width:100%;\"><div class=\"fusion-separator-border sep-single sep-solid\" style=\"--awb-height:20px;--awb-amount:20px;--awb-sep-color:#c83f38;border-color:#c83f38;border-top-width:5px;\"><\/div><\/div><div class=\"fusion-sep-clear\"><\/div><div class=\"fusion-clearfix\"><\/div><\/div><\/div><\/div><\/div><div class=\"fusion-fullwidth fullwidth-box fusion-builder-row-2 nonhundred-percent-fullwidth non-hundred-percent-height-scrolling\" style=\"--awb-border-radius-top-left:0px;--awb-border-radius-top-right:0px;--awb-border-radius-bottom-right:0px;--awb-border-radius-bottom-left:0px;--awb-flex-wrap:wrap;\" ><div class=\"fusion-builder-row fusion-row\"><div class=\"fusion-layout-column fusion_builder_column fusion-builder-column-1 fusion_builder_column_1_3 1_3 fusion-one-third fusion-column-first\" style=\"--awb-bg-size:cover;--awb-margin-bottom:0px;width:30.6666%; margin-right: 4%;\"><div class=\"fusion-column-wrapper fusion-flex-column-wrapper-legacy\"><div class=\"fusion-text fusion-text-1\"><h1><strong>Willkommen<\/strong><\/h1>\n<\/div><div class=\"fusion-clearfix\"><\/div><\/div><\/div><div class=\"fusion-layout-column fusion_builder_column fusion-builder-column-2 fusion_builder_column_2_3 2_3 fusion-two-third fusion-column-last\" style=\"--awb-bg-size:cover;--awb-margin-bottom:0px;width:65.3333%;\"><div class=\"fusion-column-wrapper fusion-flex-column-wrapper-legacy\"><div class=\"fusion-clearfix\"><\/div><\/div><\/div><div class=\"fusion-layout-column fusion_builder_column fusion-builder-column-3 fusion_builder_column_1_3 1_3 fusion-one-third fusion-column-first\" style=\"--awb-bg-size:cover;--awb-margin-bottom:0px;width:30.6666%; margin-right: 4%;\"><div class=\"fusion-column-wrapper fusion-flex-column-wrapper-legacy\"><div class=\"fusion-text fusion-text-2\"><p style=\"text-align: justify;\">Gartenbauunternehmen R\u00f6tgers &amp; van Ingen bietet professionellen Gartenbau, Design, Unterhalt und Pflasterung. Mit Sitz in der Mitte unseres Landes haben wir schon viele Traumg\u00e4rten und Grundst\u00fccke in den ganzen Niederlanden realisiert. Egal, ob es sich um einen modernen, japanischen oder klassischen Garten handelt, f\u00fcr uns ist es ein Kinderspiel. Schauen Sie sich eine kleine Auswahl unserer Projekte hier oben in der Webseite an und lassen Sie sich inspirieren.<\/p>\n<p style=\"text-align: justify;\"><strong>Interesse an unseren Dienstleistungen?<\/strong><br \/>\nWenden Sie sich dann heute noch an uns via den \u201eKontakt\u201d Link im Men\u00fc.<br \/>\nAlle Aspekte des Gartenbaus von Genehmigungen, Design und Bau bis Unterhalt und Elektroinstallation k\u00f6nnen wir f\u00fcr Sie machen:<\/p>\n<h3>\u2022\u00a0\u00a0\u00a0 Design<br \/>\n\u2022\u00a0\u00a0\u00a0 Bau<br \/>\n\u2022\u00a0\u00a0\u00a0 Unterhalt<br \/>\n\u2022\u00a0\u00a0\u00a0 Unsere Spezialit\u00e4t: besondere Teiche!<\/h3>\n<\/div><div class=\"fusion-clearfix\"><\/div><\/div><\/div><div class=\"fusion-layout-column fusion_builder_column fusion-builder-column-4 fusion_builder_column_2_3 2_3 fusion-two-third fusion-column-last\" style=\"--awb-bg-size:cover;--awb-margin-bottom:0px;width:65.3333%;\"><div class=\"fusion-column-wrapper fusion-flex-column-wrapper-legacy\"><div class=\"fusion-image-element in-legacy-container\" style=\"--awb-caption-title-font-family:var(--h2_typography-font-family);--awb-caption-title-font-weight:var(--h2_typography-font-weight);--awb-caption-title-font-style:var(--h2_typography-font-style);--awb-caption-title-size:var(--h2_typography-font-size);--awb-caption-title-transform:var(--h2_typography-text-transform);--awb-caption-title-line-height:var(--h2_typography-line-height);--awb-caption-title-letter-spacing:var(--h2_typography-letter-spacing);\"><span class=\" fusion-imageframe imageframe-dropshadow imageframe-1 hover-type-zoomin\" style=\"-webkit-box-shadow: 3px 3px 7px rgba(0,0,0,0.3);box-shadow: 3px 3px 7px rgba(0,0,0,0.3);\"><a href=\"https:\/\/i0.wp.com\/rotgersenvaningen.nl\/wp-content\/uploads\/2013\/07\/Foto-homepage.png\" class=\"fusion-lightbox\" data-rel=\"iLightbox[d12dacf0b6bf76bfcc8]\" title=\"Foto-homepage\"><img data-recalc-dims=\"1\" decoding=\"async\" width=\"1000\" height=\"563\" src=\"https:\/\/i0.wp.com\/rotgersenvaningen.nl\/wp-content\/uploads\/2013\/07\/Foto-homepage.png?resize=1000%2C563\" alt class=\"img-responsive wp-image-2378\" srcset=\"https:\/\/i0.wp.com\/rotgersenvaningen.nl\/wp-content\/uploads\/2013\/07\/Foto-homepage.png?resize=200%2C113&amp;ssl=1 200w, https:\/\/i0.wp.com\/rotgersenvaningen.nl\/wp-content\/uploads\/2013\/07\/Foto-homepage.png?resize=300%2C169&amp;ssl=1 300w, https:\/\/i0.wp.com\/rotgersenvaningen.nl\/wp-content\/uploads\/2013\/07\/Foto-homepage.png?resize=400%2C225&amp;ssl=1 400w, https:\/\/i0.wp.com\/rotgersenvaningen.nl\/wp-content\/uploads\/2013\/07\/Foto-homepage.png?resize=600%2C338&amp;ssl=1 600w, https:\/\/i0.wp.com\/rotgersenvaningen.nl\/wp-content\/uploads\/2013\/07\/Foto-homepage.png?resize=768%2C432&amp;ssl=1 768w, https:\/\/i0.wp.com\/rotgersenvaningen.nl\/wp-content\/uploads\/2013\/07\/Foto-homepage.png?resize=800%2C450&amp;ssl=1 800w, https:\/\/i0.wp.com\/rotgersenvaningen.nl\/wp-content\/uploads\/2013\/07\/Foto-homepage.png?fit=1000%2C563&amp;ssl=1 1000w\" sizes=\"(max-width: 800px) 100vw, 800px\" \/><\/a><\/span><\/div><div class=\"fusion-clearfix\"><\/div><\/div><\/div><\/div><\/div><div class=\"fusion-fullwidth fullwidth-box fusion-builder-row-3 nonhundred-percent-fullwidth non-hundred-percent-height-scrolling\" style=\"--awb-border-radius-top-left:0px;--awb-border-radius-top-right:0px;--awb-border-radius-bottom-right:0px;--awb-border-radius-bottom-left:0px;--awb-flex-wrap:wrap;\" ><div class=\"fusion-builder-row fusion-row\"><div class=\"fusion-layout-column fusion_builder_column fusion-builder-column-5 fusion_builder_column_1_3 1_3 fusion-one-third fusion-column-first\" style=\"--awb-bg-size:cover;width:33.333333333333%;width:calc(33.333333333333% - ( ( 4% + 4% ) * 0.33333333333333 ) );margin-right: 4%;\"><div class=\"fusion-column-wrapper fusion-flex-column-wrapper-legacy\"><div class=\"fusion-image-element in-legacy-container\" style=\"--awb-caption-title-font-family:var(--h2_typography-font-family);--awb-caption-title-font-weight:var(--h2_typography-font-weight);--awb-caption-title-font-style:var(--h2_typography-font-style);--awb-caption-title-size:var(--h2_typography-font-size);--awb-caption-title-transform:var(--h2_typography-text-transform);--awb-caption-title-line-height:var(--h2_typography-line-height);--awb-caption-title-letter-spacing:var(--h2_typography-letter-spacing);\"><span class=\" fusion-imageframe imageframe-dropshadow imageframe-2 hover-type-zoomin\" style=\"-webkit-box-shadow: 3px 3px 7px rgba(0,0,0,0.3);box-shadow: 3px 3px 7px rgba(0,0,0,0.3);\"><a href=\"https:\/\/i0.wp.com\/rotgersenvaningen.nl\/wp-content\/uploads\/2013\/07\/Japanse-tuin-II.jpg\" class=\"fusion-lightbox\" data-rel=\"iLightbox[778a49fde2739aa37d8]\" title=\"Japanse-tuin-II\"><img data-recalc-dims=\"1\" decoding=\"async\" width=\"800\" height=\"533\" src=\"https:\/\/i0.wp.com\/rotgersenvaningen.nl\/wp-content\/uploads\/2013\/07\/Japanse-tuin-II.jpg?resize=800%2C533\" alt class=\"img-responsive wp-image-2876\" srcset=\"https:\/\/i0.wp.com\/rotgersenvaningen.nl\/wp-content\/uploads\/2013\/07\/Japanse-tuin-II.jpg?resize=200%2C133&amp;ssl=1 200w, https:\/\/i0.wp.com\/rotgersenvaningen.nl\/wp-content\/uploads\/2013\/07\/Japanse-tuin-II.jpg?resize=300%2C200&amp;ssl=1 300w, https:\/\/i0.wp.com\/rotgersenvaningen.nl\/wp-content\/uploads\/2013\/07\/Japanse-tuin-II.jpg?resize=400%2C267&amp;ssl=1 400w, https:\/\/i0.wp.com\/rotgersenvaningen.nl\/wp-content\/uploads\/2013\/07\/Japanse-tuin-II.jpg?resize=600%2C400&amp;ssl=1 600w, https:\/\/i0.wp.com\/rotgersenvaningen.nl\/wp-content\/uploads\/2013\/07\/Japanse-tuin-II.jpg?resize=768%2C512&amp;ssl=1 768w, https:\/\/i0.wp.com\/rotgersenvaningen.nl\/wp-content\/uploads\/2013\/07\/Japanse-tuin-II.jpg?fit=800%2C533&amp;ssl=1 800w\" sizes=\"(max-width: 800px) 100vw, 400px\" \/><\/a><\/span><\/div><div class=\"fusion-clearfix\"><\/div><\/div><\/div><div class=\"fusion-layout-column fusion_builder_column fusion-builder-column-6 fusion_builder_column_1_3 1_3 fusion-one-third\" style=\"--awb-bg-size:cover;width:33.333333333333%;width:calc(33.333333333333% - ( ( 4% + 4% ) * 0.33333333333333 ) );margin-right: 4%;\"><div class=\"fusion-column-wrapper fusion-flex-column-wrapper-legacy\"><div class=\"fusion-image-element in-legacy-container\" style=\"--awb-caption-title-font-family:var(--h2_typography-font-family);--awb-caption-title-font-weight:var(--h2_typography-font-weight);--awb-caption-title-font-style:var(--h2_typography-font-style);--awb-caption-title-size:var(--h2_typography-font-size);--awb-caption-title-transform:var(--h2_typography-text-transform);--awb-caption-title-line-height:var(--h2_typography-line-height);--awb-caption-title-letter-spacing:var(--h2_typography-letter-spacing);\"><span class=\" fusion-imageframe imageframe-dropshadow imageframe-3 hover-type-zoomin\" style=\"-webkit-box-shadow: 3px 3px 7px rgba(0,0,0,0.3);box-shadow: 3px 3px 7px rgba(0,0,0,0.3);\"><a href=\"https:\/\/i0.wp.com\/rotgersenvaningen.nl\/wp-content\/uploads\/2013\/07\/Metamorfose-oprit.jpg\" class=\"fusion-lightbox\" data-rel=\"iLightbox[0d6640b72f61e0e70c8]\" title=\"Metamorfose-oprit\"><img data-recalc-dims=\"1\" decoding=\"async\" width=\"800\" height=\"533\" src=\"https:\/\/i0.wp.com\/rotgersenvaningen.nl\/wp-content\/uploads\/2013\/07\/Metamorfose-oprit.jpg?resize=800%2C533\" alt class=\"img-responsive wp-image-2878\" srcset=\"https:\/\/i0.wp.com\/rotgersenvaningen.nl\/wp-content\/uploads\/2013\/07\/Metamorfose-oprit.jpg?resize=200%2C133&amp;ssl=1 200w, https:\/\/i0.wp.com\/rotgersenvaningen.nl\/wp-content\/uploads\/2013\/07\/Metamorfose-oprit.jpg?resize=300%2C200&amp;ssl=1 300w, https:\/\/i0.wp.com\/rotgersenvaningen.nl\/wp-content\/uploads\/2013\/07\/Metamorfose-oprit.jpg?resize=400%2C267&amp;ssl=1 400w, https:\/\/i0.wp.com\/rotgersenvaningen.nl\/wp-content\/uploads\/2013\/07\/Metamorfose-oprit.jpg?resize=600%2C400&amp;ssl=1 600w, https:\/\/i0.wp.com\/rotgersenvaningen.nl\/wp-content\/uploads\/2013\/07\/Metamorfose-oprit.jpg?resize=768%2C512&amp;ssl=1 768w, https:\/\/i0.wp.com\/rotgersenvaningen.nl\/wp-content\/uploads\/2013\/07\/Metamorfose-oprit.jpg?fit=800%2C533&amp;ssl=1 800w\" sizes=\"(max-width: 800px) 100vw, 400px\" \/><\/a><\/span><\/div><div class=\"fusion-clearfix\"><\/div><\/div><\/div><div class=\"fusion-layout-column fusion_builder_column fusion-builder-column-7 fusion_builder_column_1_3 1_3 fusion-one-third fusion-column-last\" style=\"--awb-bg-size:cover;width:33.333333333333%;width:calc(33.333333333333% - ( ( 4% + 4% ) * 0.33333333333333 ) );\"><div class=\"fusion-column-wrapper fusion-flex-column-wrapper-legacy\"><div class=\"fusion-image-element in-legacy-container\" style=\"--awb-caption-title-font-family:var(--h2_typography-font-family);--awb-caption-title-font-weight:var(--h2_typography-font-weight);--awb-caption-title-font-style:var(--h2_typography-font-style);--awb-caption-title-size:var(--h2_typography-font-size);--awb-caption-title-transform:var(--h2_typography-text-transform);--awb-caption-title-line-height:var(--h2_typography-line-height);--awb-caption-title-letter-spacing:var(--h2_typography-letter-spacing);\"><span class=\" fusion-imageframe imageframe-dropshadow imageframe-4 hover-type-zoomin\" style=\"-webkit-box-shadow: 3px 3px 7px rgba(0,0,0,0.3);box-shadow: 3px 3px 7px rgba(0,0,0,0.3);\"><a href=\"https:\/\/i0.wp.com\/rotgersenvaningen.nl\/wp-content\/uploads\/2013\/07\/Japanse-tuin-Belgie.jpg\" class=\"fusion-lightbox\" data-rel=\"iLightbox[e320d1e162fdf1ed295]\" title=\"Japanse-tuin-Belgie\"><img data-recalc-dims=\"1\" decoding=\"async\" width=\"800\" height=\"533\" src=\"https:\/\/i0.wp.com\/rotgersenvaningen.nl\/wp-content\/uploads\/2013\/07\/Japanse-tuin-Belgie.jpg?resize=800%2C533\" alt class=\"img-responsive wp-image-2879\" srcset=\"https:\/\/i0.wp.com\/rotgersenvaningen.nl\/wp-content\/uploads\/2013\/07\/Japanse-tuin-Belgie.jpg?resize=200%2C133&amp;ssl=1 200w, https:\/\/i0.wp.com\/rotgersenvaningen.nl\/wp-content\/uploads\/2013\/07\/Japanse-tuin-Belgie.jpg?resize=300%2C200&amp;ssl=1 300w, https:\/\/i0.wp.com\/rotgersenvaningen.nl\/wp-content\/uploads\/2013\/07\/Japanse-tuin-Belgie.jpg?resize=400%2C267&amp;ssl=1 400w, https:\/\/i0.wp.com\/rotgersenvaningen.nl\/wp-content\/uploads\/2013\/07\/Japanse-tuin-Belgie.jpg?resize=600%2C400&amp;ssl=1 600w, https:\/\/i0.wp.com\/rotgersenvaningen.nl\/wp-content\/uploads\/2013\/07\/Japanse-tuin-Belgie.jpg?resize=768%2C512&amp;ssl=1 768w, https:\/\/i0.wp.com\/rotgersenvaningen.nl\/wp-content\/uploads\/2013\/07\/Japanse-tuin-Belgie.jpg?fit=800%2C533&amp;ssl=1 800w\" sizes=\"(max-width: 800px) 100vw, 400px\" \/><\/a><\/span><\/div><div class=\"fusion-clearfix\"><\/div><\/div><\/div><\/div><\/div><div class=\"fusion-fullwidth fullwidth-box fusion-builder-row-4 nonhundred-percent-fullwidth non-hundred-percent-height-scrolling\" style=\"--awb-border-radius-top-left:0px;--awb-border-radius-top-right:0px;--awb-border-radius-bottom-right:0px;--awb-border-radius-bottom-left:0px;--awb-margin-bottom:20px;--awb-flex-wrap:wrap;\" ><div class=\"fusion-builder-row fusion-row\"><div class=\"fusion-layout-column fusion_builder_column fusion-builder-column-8 fusion_builder_column_1_1 1_1 fusion-one-full fusion-column-first fusion-column-last\" style=\"--awb-bg-size:cover;\"><div class=\"fusion-column-wrapper fusion-flex-column-wrapper-legacy\"><div class=\"fusion-title title fusion-title-1 fusion-sep-none fusion-title-center fusion-title-text fusion-title-size-one\" style=\"--awb-margin-top:40px;\"><h1 class=\"fusion-title-heading title-heading-center\" style=\"margin:0;\"><p>Schauen Sie deshalb einige unserer Projekte<\/p>\n<p>Vielleicht finden Sie so Inspiration f\u00fcr Ihren eigenen Garten.<\/p><\/h1><\/div><div class=\"fusion-aligncenter\"><a class=\"fusion-button button-flat fusion-button-default-size button-default fusion-button-default button-1 fusion-button-default-span fusion-button-default-type\" target=\"_self\" href=\"http:\/\/rotgersenvaningen.nl\/de\/unsere-projekte\/\"><span class=\"fusion-button-text awb-button__text awb-button__text--default\">Unsere Projekte<\/span><\/a><\/div><div class=\"fusion-clearfix\"><\/div><\/div><\/div><\/div><\/div><div class=\"fusion-fullwidth fullwidth-box fusion-builder-row-5 nonhundred-percent-fullwidth non-hundred-percent-height-scrolling fusion-equal-height-columns\" style=\"--awb-border-radius-top-left:0px;--awb-border-radius-top-right:0px;--awb-border-radius-bottom-right:0px;--awb-border-radius-bottom-left:0px;--awb-background-color:#ededed;--awb-flex-wrap:wrap;\" ><div class=\"fusion-builder-row fusion-row\"><div class=\"fusion-layout-column fusion_builder_column fusion-builder-column-9 fusion_builder_column_1_1 1_1 fusion-one-full fusion-column-first fusion-column-last\" style=\"--awb-padding-top:20px;--awb-padding-bottom:0px;--awb-bg-size:cover;--awb-margin-top:20px;--awb-margin-bottom:0px;\"><div class=\"fusion-column-wrapper fusion-flex-column-wrapper-legacy\"><div class=\"fusion-column-content-centered\"><div class=\"fusion-column-content\"><div class=\"fusion-flip-boxes flip-boxes row fusion-columns-3 flip-effect-classic\"><div class=\"fusion-flip-box-wrapper fusion-column col-lg-4 col-md-4 col-sm-4\"><div class=\"fusion-flip-box flip-right fusion-animated\" tabindex=\"0\" data-animationType=\"bounceInLeft\" data-animationDuration=\"1\" data-animationOffset=\"top-into-view\"><div class=\"flip-box-inner-wrapper\"><div class=\"flip-box-front\" style=\"--awb-icon-color:#8bc34a;--awb-border-radius:4px;--awb-circle-color:#ededed;--awb-circle-border-color:#8bc34a;--awb-background-color-front:#ededed;\"><div class=\"flip-box-front-inner\"><div class=\"flip-box-grafix flip-box-circle\"><i aria-hidden=\"true\" class=\" fa fa-check\"><\/i><\/div><h2 class=\"flip-box-heading without-text\">kundenorientiert<\/h2><\/div><\/div><div class=\"flip-box-back\" style=\"--awb-icon-color:#8bc34a;--awb-border-radius:4px;--awb-circle-color:#ededed;--awb-circle-border-color:#8bc34a;\"><div class=\"flip-box-back-inner\">\n<p>Ein gro\u00dfer Teil unserer Auftr\u00e4ge erhalten wir via Mund-auf-Mund Werbung. Dieser Trend versuchen wir fortzusetzen, indem wir jeden Kunden 100 % zufriedenstellen. Wir sind uns bewusst, dass jedes Projekt einzigartig ist und halten w\u00e4hrend des totalen Prozesses fortw\u00e4hrend R\u00fccksprache mit dem Kunden, damit wir die Erwartungen erf\u00fcllen.<\/p>\n<\/div><\/div><\/div><\/div><\/div><div class=\"fusion-flip-box-wrapper fusion-column col-lg-4 col-md-4 col-sm-4\"><div class=\"fusion-flip-box flip-right fusion-animated\" tabindex=\"0\" data-animationType=\"bounceInLeft\" data-animationDuration=\"1\" data-animationOffset=\"top-into-view\"><div class=\"flip-box-inner-wrapper\"><div class=\"flip-box-front\" style=\"--awb-icon-color:#8bc34a;--awb-border-radius:4px;--awb-circle-color:#ededed;--awb-circle-border-color:#8bc34a;--awb-background-color-front:#ededed;\"><div class=\"flip-box-front-inner\"><div class=\"flip-box-grafix flip-box-circle\"><i aria-hidden=\"true\" class=\" fa fa-arrows-alt\"><\/i><\/div><h2 class=\"flip-box-heading without-text\">vielseitig<\/h2><\/div><\/div><div class=\"flip-box-back\" style=\"--awb-icon-color:#8bc34a;--awb-border-radius:4px;--awb-circle-color:#ededed;--awb-circle-border-color:#8bc34a;\"><div class=\"flip-box-back-inner\">\n<p>Von einem klassischen Garten bis hin zum modernen, unterhaltsfreundlichen Garten mit Veranda, Au\u00dfentheke, Baumh\u00fctte, Au\u00dfenk\u00fcche, Jacuzzi oder Sauna\u2026.nichts ist unm\u00f6glich! Der Garten ist die Verl\u00e4ngerung Ihrer Wohnung und sollte deshalb, unserer Meinung nach, mit genau so viel Liebe und Ambition eingerichtet werden.<\/p>\n<\/div><\/div><\/div><\/div><\/div><div class=\"fusion-flip-box-wrapper fusion-column col-lg-4 col-md-4 col-sm-4\"><div class=\"fusion-flip-box flip-right fusion-animated\" tabindex=\"0\" data-animationType=\"bounceInLeft\" data-animationDuration=\"1\" data-animationOffset=\"top-into-view\"><div class=\"flip-box-inner-wrapper\"><div class=\"flip-box-front\" style=\"--awb-icon-color:#8bc34a;--awb-border-radius:4px;--awb-circle-color:#ededed;--awb-circle-border-color:#8bc34a;--awb-background-color-front:#ededed;\"><div class=\"flip-box-front-inner\"><div class=\"flip-box-grafix flip-box-circle\"><i aria-hidden=\"true\" class=\" fa fa-graduation-cap\"><\/i><\/div><h2 class=\"flip-box-heading without-text\">qualifizierte<\/h2><\/div><\/div><div class=\"flip-box-back\" style=\"--awb-icon-color:#8bc34a;--awb-border-radius:4px;--awb-circle-color:#ededed;--awb-circle-border-color:#8bc34a;\"><div class=\"flip-box-back-inner\">\n<p>Unser Team begeisterter Mitarbeiter haben die Kenntnisse und Qualifikationen um den sch\u00f6nsten Garten f\u00fcr Sie zu erschaffen. Dies kann variieren von sehr gro\u00dfen bis hin zu bescheidene, kleine Projekte. Jeder Garten verdient Aufmerksamkeit!<\/p>\n<\/div><\/div><\/div><\/div><\/div><\/div><div class=\"clearfix\"><\/div><\/div><\/div><div class=\"fusion-clearfix\"><\/div><\/div><\/div><\/div><\/div><\/p>\n","protected":false},"excerpt":{"rendered":"","protected":false},"author":1,"featured_media":0,"parent":0,"menu_order":0,"comment_status":"closed","ping_status":"closed","template":"100-width.php","meta":{"footnotes":""},"class_list":["post-1986","page","type-page","status-publish","hentry"],"aioseo_notices":[],"jetpack_sharing_enabled":true,"_links":{"self":[{"href":"https:\/\/rotgersenvaningen.nl\/de\/wp-json\/wp\/v2\/pages\/1986","targetHints":{"allow":["GET"]}}],"collection":[{"href":"https:\/\/rotgersenvaningen.nl\/de\/wp-json\/wp\/v2\/pages"}],"about":[{"href":"https:\/\/rotgersenvaningen.nl\/de\/wp-json\/wp\/v2\/types\/page"}],"author":[{"embeddable":true,"href":"https:\/\/rotgersenvaningen.nl\/de\/wp-json\/wp\/v2\/users\/1"}],"replies":[{"embeddable":true,"href":"https:\/\/rotgersenvaningen.nl\/de\/wp-json\/wp\/v2\/comments?post=1986"}],"version-history":[{"count":5,"href":"https:\/\/rotgersenvaningen.nl\/de\/wp-json\/wp\/v2\/pages\/1986\/revisions"}],"predecessor-version":[{"id":2882,"href":"https:\/\/rotgersenvaningen.nl\/de\/wp-json\/wp\/v2\/pages\/1986\/revisions\/2882"}],"wp:attachment":[{"href":"https:\/\/rotgersenvaningen.nl\/de\/wp-json\/wp\/v2\/media?parent=1986"}],"curies":[{"name":"wp","href":"https:\/\/api.w.org\/{rel}","templated":true}]}}